{"id":348,"date":"2016-03-31T16:17:11","date_gmt":"2016-03-31T14:17:11","guid":{"rendered":"http:\/\/ani-trans.eu\/de\/?page_id=348"},"modified":"2016-04-05T12:20:47","modified_gmt":"2016-04-05T10:20:47","slug":"strona-glowna","status":"publish","type":"page","link":"http:\/\/ani-trans.eu\/de\/","title":{"rendered":"Start"},"content":{"rendered":"<p>[et_pb_section admin_label=&#8221;Sekcja&#8221; fullwidth=&#8221;on&#8221; specialty=&#8221;off&#8221;][et_pb_fullwidth_slider admin_label=&#8221;Slider pe\u0142nej szeroko\u015bci&#8221; show_arrows=&#8221;off&#8221; show_pagination=&#8221;off&#8221; auto=&#8221;on&#8221; auto_speed=&#8221;50&#8243; auto_ignore_hover=&#8221;off&#8221; parallax=&#8221;on&#8221; parallax_method=&#8221;off&#8221; remove_inner_shadow=&#8221;off&#8221; background_position=&#8221;default&#8221; background_size=&#8221;default&#8221; hide_content_on_mobile=&#8221;off&#8221; hide_cta_on_mobile=&#8221;off&#8221; show_image_video_mobile=&#8221;off&#8221; custom_button=&#8221;off&#8221; button_letter_spacing=&#8221;0&#8243; button_use_icon=&#8221;default&#8221; button_icon_placement=&#8221;right&#8221; button_on_hover=&#8221;on&#8221; button_letter_spacing_hover=&#8221;0&#8243; header_letter_spacing=&#8221;4px&#8221; header_line_height=&#8221;1.2em&#8221; body_font_size=&#8221;20&#8243; body_text_color=&#8221;#ffffff&#8221; button_text_color=&#8221;#ffffff&#8221; button_border_color=&#8221;#1e73be&#8221; button_icon=&#8221;%%38%%&#8221; button_bg_color=&#8221;rgba(0,0,0,0.69)&#8221;] [et_pb_slide background_image=&#8221;https:\/\/ani-trans.eu\/wp-content\/uploads\/2016\/03\/IMG_0008.jpg&#8221; background_position=&#8221;center&#8221; background_size=&#8221;initial&#8221; background_color=&#8221;#ffffff&#8221; use_bg_overlay=&#8221;off&#8221; use_text_overlay=&#8221;on&#8221; alignment=&#8221;center&#8221; background_layout=&#8221;dark&#8221; allow_player_pause=&#8221;off&#8221; text_border_radius=&#8221;3&#8243; header_font_select=&#8221;default&#8221; header_font=&#8221;|on||on|&#8221; body_font_select=&#8221;default&#8221; body_font=&#8221;||||&#8221; custom_button=&#8221;off&#8221; button_font_select=&#8221;default&#8221; button_font=&#8221;||||&#8221; button_use_icon=&#8221;default&#8221; button_icon_placement=&#8221;right&#8221; button_on_hover=&#8221;on&#8221; bg_overlay_color=&#8221;rgba(30,115,190,0.29)&#8221; heading=&#8221;Professionelle Transportdienstleistungen&#8221; text_overlay_color=&#8221;rgba(30,115,190,0.82)&#8221; button_text=&#8221;Erfahre mehr&#8221; button_link=&#8221;https:\/\/ani-trans.eu\/de\/about\/&#8221;]<\/p>\n<p>Wir setzen auf Qualit\u00e4t und Umweltschutz<\/p>\n<p>&nbsp;<\/p>\n<p>[\/et_pb_slide] [\/et_pb_fullwidth_slider][\/et_pb_section][et_pb_section admin_label=&#8221;Sekcja&#8221; fullwidth=&#8221;off&#8221; specialty=&#8221;off&#8221;][et_pb_row admin_label=&#8221;Wiersz&#8221;][et_pb_column type=&#8221;1_2&#8243;][et_pb_blurb admin_label=&#8221;Notka&#8221; title=&#8221;INTERNATIONALER TRANSPORT MIT PROFESSIONELLEM FUHRPARK&#8221; url_new_window=&#8221;on&#8221; use_icon=&#8221;off&#8221; icon_color=&#8221;#7EBEC5&#8243; use_circle=&#8221;off&#8221; circle_color=&#8221;#7EBEC5&#8243; use_circle_border=&#8221;off&#8221; circle_border_color=&#8221;#7EBEC5&#8243; icon_placement=&#8221;top&#8221; animation=&#8221;top&#8221; background_layout=&#8221;light&#8221; text_orientation=&#8221;center&#8221; use_icon_font_size=&#8221;off&#8221; use_border_color=&#8221;off&#8221; border_color=&#8221;#ffffff&#8221; border_style=&#8221;solid&#8221; header_font_size=&#8221;21&#8243; header_font=&#8221;Oswald|||on|&#8221; header_letter_spacing=&#8221;1px&#8221; header_line_height=&#8221;1.1em&#8221; image=&#8221;https:\/\/ani-trans.eu\/wp-content\/uploads\/2016\/03\/amitrans2.png&#8221; header_text_color=&#8221;#1e73be&#8221;]<\/p>\n<p style=\"text-align: justify;\">Unsere Schlepper DAF Euro 5 und Euro 6 sind die beste m\u00f6gliche Wahl hinsichtlich der Zuverl\u00e4ssigkeit und \u00d6kologie. Diese Maschinen mit internationalem Prestige garantieren einen sicheren Transport und P\u00fcnktlichkeit. Die internationale Reichweite unserer Dienstleistungen l\u00e4sst keine Kompromisse im technologischen Bereich zu, was unsere zahlreiche Projekte in Belgien, Holland und Deutschland best\u00e4tigen k\u00f6nnen.<\/p>\n<p>[\/et_pb_blurb][\/et_pb_column][et_pb_column type=&#8221;1_2&#8243;][et_pb_blurb admin_label=&#8221;Notka&#8221; title=&#8221;\u00dcBER EINE DEKADE ERFAHRUNG&#8221; url_new_window=&#8221;off&#8221; use_icon=&#8221;off&#8221; font_icon=&#8221;%%40%%&#8221; icon_color=&#8221;#1e73be&#8221; use_circle=&#8221;off&#8221; circle_color=&#8221;#7EBEC5&#8243; use_circle_border=&#8221;off&#8221; circle_border_color=&#8221;#7EBEC5&#8243; icon_placement=&#8221;top&#8221; animation=&#8221;top&#8221; background_layout=&#8221;light&#8221; text_orientation=&#8221;center&#8221; use_icon_font_size=&#8221;off&#8221; use_border_color=&#8221;off&#8221; border_color=&#8221;#ffffff&#8221; border_style=&#8221;solid&#8221; header_font=&#8221;Oswald|||on|&#8221; header_font_size=&#8221;21&#8243; header_letter_spacing=&#8221;1&#8243; header_line_height=&#8221;1.1&#8243; image=&#8221;https:\/\/ani-trans.eu\/wp-content\/uploads\/2016\/03\/amitrans1.png&#8221; header_text_color=&#8221;#1e73be&#8221;]<\/p>\n<p style=\"text-align: justify;\">Ani Trans ist ein erfahrenes Team, das auf dem Transportmarkt ununterbrochen seit 2004 aktiv ist. Dank unseren langj\u00e4hrigen Erfahrungen sind wir imstande, die Kundenbed\u00fcrfnisse ideal zu erf\u00fcllen und ihnen Dienstleistungen anzubieten, die 100% ihren Erwartungen entsprichen egal, ob das Mega-Transporte sind, Transporte unter Plane oder mit K\u00fchlwagen. Unsere Priorit\u00e4ten lauten \u201eQualit\u00e4t\u201d und \u201eUmweltschutz\u201d und durch unser Handeln beweisen wir, dass ein Transportunternehmen auch umweltfreundlich sein kann.<\/p>\n<p>[\/et_pb_blurb][\/et_pb_column][\/et_pb_row][et_pb_row admin_label=&#8221;Wiersz&#8221;][et_pb_column type=&#8221;4_4&#8243;][et_pb_gallery admin_label=&#8221;Galeria&#8221; gallery_ids=&#8221;292,293,281,76,100&#8243; fullwidth=&#8221;off&#8221; show_title_and_caption=&#8221;off&#8221; show_pagination=&#8221;on&#8221; background_layout=&#8221;light&#8221; auto=&#8221;off&#8221; hover_overlay_color=&#8221;rgba(255,255,255,0.9)&#8221; caption_all_caps=&#8221;off&#8221; use_border_color=&#8221;off&#8221; border_color=&#8221;#ffffff&#8221; border_style=&#8221;solid&#8221; saved_tabs=&#8221;all&#8221; global_module=&#8221;299&#8243;] [\/et_pb_gallery][\/et_pb_column][\/et_pb_row][\/et_pb_section][et_pb_section admin_label=&#8221;Sekcja&#8221; fullwidth=&#8221;on&#8221; specialty=&#8221;off&#8221;][et_pb_fullwidth_header admin_label=&#8221;Nag\u0142\u00f3wek pe\u0142nej szeroko\u015bci&#8221; title=&#8221;TRANSPORT UNTER PLANE, K\u00dcHLWAGENTRANSPORT, MEGA &#8211; TRANSPORT?&#8221; background_layout=&#8221;dark&#8221; text_orientation=&#8221;center&#8221; header_fullscreen=&#8221;off&#8221; header_scroll_down=&#8221;off&#8221; background_color=&#8221;#1e73be&#8221; parallax=&#8221;off&#8221; parallax_method=&#8221;off&#8221; content_orientation=&#8221;center&#8221; image_orientation=&#8221;center&#8221; custom_button_one=&#8221;off&#8221; button_one_letter_spacing=&#8221;0&#8243; button_one_use_icon=&#8221;default&#8221; button_one_icon_placement=&#8221;right&#8221; button_one_on_hover=&#8221;on&#8221; button_one_letter_spacing_hover=&#8221;0&#8243; custom_button_two=&#8221;off&#8221; button_two_letter_spacing=&#8221;0&#8243; button_two_use_icon=&#8221;default&#8221; button_two_icon_placement=&#8221;right&#8221; button_two_on_hover=&#8221;on&#8221; button_two_letter_spacing_hover=&#8221;0&#8243; title_font=&#8221;Oswald|||on|&#8221; background_url=&#8221;https:\/\/ani-trans.eu\/wp-content\/uploads\/2016\/03\/IMG_0010-1.jpg&#8221; background_overlay_color=&#8221;rgba(30,115,190,0.72)&#8221; title_font_size=&#8221;27px&#8221; subhead=&#8221;Die Wahl triffst Du!&#8221; subhead_font_size=&#8221;24px&#8221;] [\/et_pb_fullwidth_header][\/et_pb_section][et_pb_section admin_label=&#8221;section&#8221; fullwidth=&#8221;off&#8221; specialty=&#8221;off&#8221; inner_shadow=&#8221;off&#8221; parallax=&#8221;off&#8221;][et_pb_row admin_label=&#8221;row&#8221;][et_pb_column type=&#8221;1_4&#8243;][et_pb_blurb admin_label=&#8221;Blurb&#8221; title=&#8221;EUROP\u00c4ISCHE REICHWEITE&#8221; url_new_window=&#8221;off&#8221; animation=&#8221;top&#8221; background_layout=&#8221;light&#8221; text_orientation=&#8221;center&#8221; use_icon=&#8221;on&#8221; font_icon=&#8221;%%164%%&#8221; icon_color=&#8221;#1e73be&#8221; use_circle=&#8221;on&#8221; circle_color=&#8221;#fcfcfc&#8221; use_circle_border=&#8221;on&#8221; circle_border_color=&#8221;#1e73be&#8221; icon_placement=&#8221;top&#8221; use_icon_font_size=&#8221;off&#8221; use_border_color=&#8221;off&#8221; border_color=&#8221;#ffffff&#8221; border_style=&#8221;solid&#8221; header_font=&#8221;Oswald|||on|&#8221; header_text_color=&#8221;#1e73be&#8221;]<\/p>\n<p>Anerkannte Marke, u.a. in Belgien, Holland und Deutschland.<\/p>\n<p>[\/et_pb_blurb][\/et_pb_column][et_pb_column type=&#8221;1_4&#8243;][et_pb_blurb admin_label=&#8221;Blurb&#8221; title=&#8221;P\u00dcNKTLICHKEIT&#8221; url_new_window=&#8221;off&#8221; animation=&#8221;top&#8221; background_layout=&#8221;light&#8221; text_orientation=&#8221;center&#8221; use_icon=&#8221;on&#8221; font_icon=&#8221;%%128%%&#8221; icon_color=&#8221;#1e73be&#8221; use_circle=&#8221;on&#8221; circle_color=&#8221;#ffffff&#8221; use_circle_border=&#8221;on&#8221; circle_border_color=&#8221;#1e73be&#8221; icon_placement=&#8221;top&#8221; use_icon_font_size=&#8221;off&#8221; use_border_color=&#8221;off&#8221; border_color=&#8221;#ffffff&#8221; border_style=&#8221;solid&#8221; header_font=&#8221;Oswald|||on|&#8221; header_text_color=&#8221;#1e73be&#8221;]<\/p>\n<p>P\u00fcnktlichkeit ist ein Merkmal der Profis. Nut gut organisierte Menschen erreichen Erfolg.<\/p>\n<p>[\/et_pb_blurb][\/et_pb_column][et_pb_column type=&#8221;1_4&#8243;][et_pb_blurb admin_label=&#8221;Blurb&#8221; title=&#8221;HOHE QUALIT\u00c4T&#8221; url_new_window=&#8221;off&#8221; animation=&#8221;top&#8221; background_layout=&#8221;light&#8221; text_orientation=&#8221;center&#8221; use_icon=&#8221;on&#8221; font_icon=&#8221;%%151%%&#8221; icon_color=&#8221;#1e73be&#8221; use_circle=&#8221;on&#8221; circle_color=&#8221;#ffffff&#8221; use_circle_border=&#8221;on&#8221; circle_border_color=&#8221;#1e73be&#8221; icon_placement=&#8221;top&#8221; use_icon_font_size=&#8221;off&#8221; use_border_color=&#8221;off&#8221; border_color=&#8221;#ffffff&#8221; border_style=&#8221;solid&#8221; header_font=&#8221;Oswald|||on|&#8221; header_text_color=&#8221;#1e73be&#8221;]<\/p>\n<p>Wir halten auf unsere Kunden, deswegen bieten wir keine Dienstleistungen an, wo wir nicht 100% sicher sind, dass wir sie optimal ausf\u00fchren k\u00f6nnen.<\/p>\n<p>[\/et_pb_blurb][\/et_pb_column][et_pb_column type=&#8221;1_4&#8243;][et_pb_blurb admin_label=&#8221;Blurb&#8221; title=&#8221;UMWELTSCHUTZ!&#8221; url_new_window=&#8221;off&#8221; animation=&#8221;top&#8221; background_layout=&#8221;light&#8221; text_orientation=&#8221;center&#8221; use_icon=&#8221;on&#8221; font_icon=&#8221;%%234%%&#8221; icon_color=&#8221;#1e73be&#8221; use_circle=&#8221;on&#8221; circle_color=&#8221;#ffffff&#8221; use_circle_border=&#8221;on&#8221; circle_border_color=&#8221;#1e73be&#8221; icon_placement=&#8221;top&#8221; use_icon_font_size=&#8221;off&#8221; use_border_color=&#8221;off&#8221; border_color=&#8221;#ffffff&#8221; border_style=&#8221;solid&#8221; header_font=&#8221;Oswald|||on|&#8221; header_text_color=&#8221;#1e73be&#8221;]<\/p>\n<p>Jeder ist verpflichtet, sich um Umwelt zu k\u00fcmmern, auch professionelle Transportfirmen.<\/p>\n<p>[\/et_pb_blurb][\/et_pb_column][\/et_pb_row][et_pb_row admin_label=&#8221;row&#8221;][et_pb_column type=&#8221;4_4&#8243;][et_pb_cta admin_label=&#8221;Call To Action&#8221; title=&#8221;Wir sind f\u00fcr Dich zug\u00e4nglich!&#8221; button_url=&#8221;https:\/\/ani-trans.eu\/de\/kontakt\/&#8221; button_text=&#8221;Kontakt&#8221; background_color=&#8221;#ffffff&#8221; use_background_color=&#8221;on&#8221; background_layout=&#8221;dark&#8221; text_orientation=&#8221;center&#8221; url_new_window=&#8221;off&#8221; use_border_color=&#8221;on&#8221; border_color=&#8221;#1e73be&#8221; border_style=&#8221;groove&#8221; custom_button=&#8221;on&#8221; button_letter_spacing=&#8221;0&#8243; button_use_icon=&#8221;on&#8221; button_icon_placement=&#8221;right&#8221; button_on_hover=&#8221;off&#8221; button_letter_spacing_hover=&#8221;0&#8243; header_font=&#8221;Oswald||||&#8221; header_text_color=&#8221;#1e73be&#8221; body_text_color=&#8221;#1e73be&#8221; button_text_color=&#8221;#1e73be&#8221; button_border_color=&#8221;#1e73be&#8221; button_icon=&#8221;%%238%%&#8221; border_width=&#8221;2px&#8221;]<\/p>\n<p>Kontaktiere uns, wir beantworten alle Deinen Fragen.<\/p>\n<p>[\/et_pb_cta][\/et_pb_column][\/et_pb_row][\/et_pb_section][et_pb_section admin_label=&#8221;Sekcja&#8221; fullwidth=&#8221;off&#8221; specialty=&#8221;off&#8221;][et_pb_row admin_label=&#8221;Wiersz&#8221;][et_pb_column type=&#8221;4_4&#8243;][et_pb_text admin_label=&#8221;Tekst&#8221; background_layout=&#8221;light&#8221; text_orientation=&#8221;right&#8221; use_border_color=&#8221;off&#8221; border_color=&#8221;#ffffff&#8221; border_style=&#8221;solid&#8221;]<\/p>\n<p>Realizacja <strong><a href=\"https:\/\/smartfrigo.com\/pl\/\">SmartFrigo<\/a><\/strong><\/p>\n<p>[\/et_pb_text][\/et_pb_column][\/et_pb_row][\/et_pb_section]<\/p>\n","protected":false},"excerpt":{"rendered":"<p>Wir setzen auf Qualit\u00e4t und Umweltschutz &nbsp; Unsere Schlepper DAF Euro 5 und Euro 6 sind die beste m\u00f6gliche Wahl hinsichtlich der Zuverl\u00e4ssigkeit und \u00d6kologie. Diese Maschinen mit internationalem Prestige garantieren einen sicheren Transport und P\u00fcnktlichkeit. Die internationale Reichweite unserer Dienstleistungen l\u00e4sst keine Kompromisse im technologischen Bereich zu, was unsere zahlreiche Projekte in Belgien, Holland [&hellip;]<\/p>\n","protected":false},"author":1,"featured_media":0,"parent":0,"menu_order":0,"comment_status":"closed","ping_status":"closed","template":"","meta":{"_et_pb_use_builder":"on","_et_pb_old_content":"","_et_gb_content_width":"","footnotes":""},"class_list":["post-348","page","type-page","status-publish","hentry"],"_links":{"self":[{"href":"http:\/\/ani-trans.eu\/de\/wp-json\/wp\/v2\/pages\/348","targetHints":{"allow":["GET"]}}],"collection":[{"href":"http:\/\/ani-trans.eu\/de\/wp-json\/wp\/v2\/pages"}],"about":[{"href":"http:\/\/ani-trans.eu\/de\/wp-json\/wp\/v2\/types\/page"}],"author":[{"embeddable":true,"href":"http:\/\/ani-trans.eu\/de\/wp-json\/wp\/v2\/users\/1"}],"replies":[{"embeddable":true,"href":"http:\/\/ani-trans.eu\/de\/wp-json\/wp\/v2\/comments?post=348"}],"version-history":[{"count":7,"href":"http:\/\/ani-trans.eu\/de\/wp-json\/wp\/v2\/pages\/348\/revisions"}],"predecessor-version":[{"id":382,"href":"http:\/\/ani-trans.eu\/de\/wp-json\/wp\/v2\/pages\/348\/revisions\/382"}],"wp:attachment":[{"href":"http:\/\/ani-trans.eu\/de\/wp-json\/wp\/v2\/media?parent=348"}],"curies":[{"name":"wp","href":"https:\/\/api.w.org\/{rel}","templated":true}]}}