{"id":352,"date":"2016-03-31T16:18:17","date_gmt":"2016-03-31T14:18:17","guid":{"rendered":"http:\/\/ani-trans.eu\/de\/?page_id=352"},"modified":"2016-04-05T12:20:08","modified_gmt":"2016-04-05T10:20:08","slug":"o-nas","status":"publish","type":"page","link":"http:\/\/ani-trans.eu\/de\/o-nas\/","title":{"rendered":"\u00dcber uns"},"content":{"rendered":"<p>[et_pb_section admin_label=&#8221;section&#8221; fullwidth=&#8221;off&#8221; specialty=&#8221;off&#8221; background_color=&#8221;#000000&#8243; inner_shadow=&#8221;on&#8221; parallax=&#8221;on&#8221; background_image=&#8221;https:\/\/ani-trans.eu\/wp-content\/uploads\/2016\/03\/traffic-690548.jpg&#8221; transparent_background=&#8221;off&#8221; allow_player_pause=&#8221;off&#8221; parallax_method=&#8221;off&#8221; padding_mobile=&#8221;off&#8221; make_fullwidth=&#8221;off&#8221; use_custom_width=&#8221;off&#8221; width_unit=&#8221;on&#8221; make_equal=&#8221;off&#8221; use_custom_gutter=&#8221;off&#8221;][et_pb_row admin_label=&#8221;row&#8221; make_fullwidth=&#8221;off&#8221; use_custom_width=&#8221;off&#8221; width_unit=&#8221;on&#8221; use_custom_gutter=&#8221;off&#8221; padding_mobile=&#8221;off&#8221; allow_player_pause=&#8221;off&#8221; parallax=&#8221;off&#8221; parallax_method=&#8221;off&#8221; make_equal=&#8221;off&#8221; parallax_1=&#8221;off&#8221; parallax_method_1=&#8221;off&#8221; parallax_2=&#8221;off&#8221; parallax_method_2=&#8221;off&#8221; column_padding_mobile=&#8221;on&#8221;][et_pb_column type=&#8221;4_4&#8243;][et_pb_text admin_label=&#8221;Text&#8221; background_layout=&#8221;dark&#8221; text_orientation=&#8221;justified&#8221; use_border_color=&#8221;off&#8221; border_color=&#8221;#ffffff&#8221; border_style=&#8221;solid&#8221; background_color=&#8221;rgba(0,0,0,0.8)&#8221; custom_padding=&#8221;15px|15px|15px|15px&#8221;]<\/p>\n<h1><img loading=\"lazy\" decoding=\"async\" class=\"size-medium wp-image-91 alignleft\" src=\"https:\/\/ani-trans.eu\/wp-content\/uploads\/2016\/03\/amitranslogo-300x167.png\" alt=\"amitranslogo\" width=\"300\" height=\"167\" \/><\/h1>\n<p style=\"text-align: justify;\">Wenn Du nach professionellen Transportdienstleistungen suchst, hast Du keinen Besseren finden k\u00f6nnen. Ani Trans ist ein seit \u00fcber 10 Jahren auf dem Markt aktives Unternehmen. Die im Jahr 2004 gegr\u00fcndete Firma ist \u00d6kologie \u2013 Leader in ihrer Klasse. Ein Team erfahrener Mitarbeiter sorgt jeden Tag daf\u00fcr, dass die Transporte zuverl\u00e4ssig und p\u00fcnktlich realisiert werden. Dank dem professionellen Fuhrpark, haupts\u00e4chlich den DAF Schleppern, sind wir imstande, Dienstleistungen zu erbringen, die ideal an die Kundenbed\u00fcrfnisse angepasst sind. Zur Zeit sind wir auf dem europ\u00e4ischen Markt aktiv, wo wir in K\u00fchlwagen- und Isotherm-Transporten spezialisiert sind. Um mehr zu erfahren, geh in die Sektion <strong>Angebot<\/strong>; falls Du Fragen hast, in die Sektion <strong>Kontakt<\/strong>.<\/p>\n<p>[\/et_pb_text][\/et_pb_column][\/et_pb_row][\/et_pb_section][et_pb_section admin_label=&#8221;section&#8221; fullwidth=&#8221;off&#8221; specialty=&#8221;off&#8221;][et_pb_row admin_label=&#8221;row&#8221;][et_pb_column type=&#8221;1_2&#8243;][et_pb_cta admin_label=&#8221;Wezwanie do dzia\u0142ania&#8221; title=&#8221;Bist Du fertig?&#8221; button_url=&#8221;https:\/\/ani-trans.eu\/de\/oferta\/&#8221; url_new_window=&#8221;off&#8221; button_text=&#8221;Pr\u00fcfe unser Angebot!&#8221; use_background_color=&#8221;on&#8221; background_color=&#8221;#1e73be&#8221; background_layout=&#8221;dark&#8221; text_orientation=&#8221;center&#8221; use_border_color=&#8221;off&#8221; border_color=&#8221;#ffffff&#8221; border_style=&#8221;solid&#8221; custom_button=&#8221;on&#8221; button_letter_spacing=&#8221;0&#8243; button_use_icon=&#8221;default&#8221; button_icon=&#8221;%%151%%&#8221; button_icon_placement=&#8221;right&#8221; button_on_hover=&#8221;off&#8221; button_letter_spacing_hover=&#8221;0&#8243;] [\/et_pb_cta][\/et_pb_column][et_pb_column type=&#8221;1_2&#8243;][et_pb_cta admin_label=&#8221;Wezwanie do dzia\u0142ania&#8221; title=&#8221;Willst Du eine Frage stellen?&#8221; button_url=&#8221;https:\/\/ani-trans.eu\/de\/kontakt\/&#8221; url_new_window=&#8221;off&#8221; button_text=&#8221;Kontaktier uns!&#8221; use_background_color=&#8221;on&#8221; background_color=&#8221;#1e73be&#8221; background_layout=&#8221;dark&#8221; text_orientation=&#8221;center&#8221; use_border_color=&#8221;off&#8221; border_color=&#8221;#ffffff&#8221; border_style=&#8221;solid&#8221; custom_button=&#8221;on&#8221; button_letter_spacing=&#8221;0&#8243; button_use_icon=&#8221;default&#8221; button_icon=&#8221;%%153%%&#8221; button_icon_placement=&#8221;right&#8221; button_on_hover=&#8221;off&#8221; button_letter_spacing_hover=&#8221;0&#8243;] [\/et_pb_cta][\/et_pb_column][\/et_pb_row][et_pb_row admin_label=&#8221;Wiersz&#8221;][et_pb_column type=&#8221;4_4&#8243;][et_pb_gallery admin_label=&#8221;Galeria&#8221; gallery_ids=&#8221;137,133,132,106,102,76&#8243; gallery_orderby=&#8221;rand&#8221; fullwidth=&#8221;off&#8221; show_title_and_caption=&#8221;off&#8221; show_pagination=&#8221;off&#8221; background_layout=&#8221;light&#8221; auto=&#8221;off&#8221; hover_overlay_color=&#8221;rgba(255,255,255,0.9)&#8221; caption_all_caps=&#8221;off&#8221; use_border_color=&#8221;off&#8221; border_color=&#8221;#ffffff&#8221; border_style=&#8221;solid&#8221;] [\/et_pb_gallery][\/et_pb_column][\/et_pb_row][\/et_pb_section][et_pb_section admin_label=&#8221;Sekcja&#8221; fullwidth=&#8221;off&#8221; specialty=&#8221;off&#8221;][et_pb_row admin_label=&#8221;Wiersz&#8221;][et_pb_column type=&#8221;4_4&#8243;][et_pb_text admin_label=&#8221;Tekst&#8221; background_layout=&#8221;light&#8221; text_orientation=&#8221;right&#8221; use_border_color=&#8221;off&#8221; border_color=&#8221;#ffffff&#8221; border_style=&#8221;solid&#8221;]<\/p>\n<p>Realizacja\u00a0<strong><a href=\"https:\/\/smartfrigo.com\/pl\/\">Smartfrigo<\/a><\/strong><\/p>\n<p>[\/et_pb_text][\/et_pb_column][\/et_pb_row][\/et_pb_section]<\/p>\n","protected":false},"excerpt":{"rendered":"<p>Wenn Du nach professionellen Transportdienstleistungen suchst, hast Du keinen Besseren finden k\u00f6nnen. Ani Trans ist ein seit \u00fcber 10 Jahren auf dem Markt aktives Unternehmen. Die im Jahr 2004 gegr\u00fcndete Firma ist \u00d6kologie \u2013 Leader in ihrer Klasse. Ein Team erfahrener Mitarbeiter sorgt jeden Tag daf\u00fcr, dass die Transporte zuverl\u00e4ssig und p\u00fcnktlich realisiert werden. Dank [&hellip;]<\/p>\n","protected":false},"author":1,"featured_media":0,"parent":0,"menu_order":0,"comment_status":"closed","ping_status":"closed","template":"","meta":{"_et_pb_use_builder":"on","_et_pb_old_content":"","_et_gb_content_width":"","footnotes":""},"class_list":["post-352","page","type-page","status-publish","hentry"],"_links":{"self":[{"href":"http:\/\/ani-trans.eu\/de\/wp-json\/wp\/v2\/pages\/352","targetHints":{"allow":["GET"]}}],"collection":[{"href":"http:\/\/ani-trans.eu\/de\/wp-json\/wp\/v2\/pages"}],"about":[{"href":"http:\/\/ani-trans.eu\/de\/wp-json\/wp\/v2\/types\/page"}],"author":[{"embeddable":true,"href":"http:\/\/ani-trans.eu\/de\/wp-json\/wp\/v2\/users\/1"}],"replies":[{"embeddable":true,"href":"http:\/\/ani-trans.eu\/de\/wp-json\/wp\/v2\/comments?post=352"}],"version-history":[{"count":4,"href":"http:\/\/ani-trans.eu\/de\/wp-json\/wp\/v2\/pages\/352\/revisions"}],"predecessor-version":[{"id":381,"href":"http:\/\/ani-trans.eu\/de\/wp-json\/wp\/v2\/pages\/352\/revisions\/381"}],"wp:attachment":[{"href":"http:\/\/ani-trans.eu\/de\/wp-json\/wp\/v2\/media?parent=352"}],"curies":[{"name":"wp","href":"https:\/\/api.w.org\/{rel}","templated":true}]}}