{"id":354,"date":"2016-03-31T16:18:57","date_gmt":"2016-03-31T14:18:57","guid":{"rendered":"http:\/\/ani-trans.eu\/de\/?page_id=354"},"modified":"2018-02-26T09:27:41","modified_gmt":"2018-02-26T08:27:41","slug":"kontakt","status":"publish","type":"page","link":"http:\/\/ani-trans.eu\/de\/kontakt\/","title":{"rendered":"Kontakt"},"content":{"rendered":"<p>[et_pb_section admin_label=&#8221;section&#8221; fullwidth=&#8221;on&#8221; specialty=&#8221;off&#8221;][et_pb_fullwidth_map admin_label=&#8221;Fullwidth Map&#8221; zoom_level=&#8221;10&#8243; address_lat=&#8221;49.992016766103106&#8243; address_lng=&#8221;19.324801152198802&#8243; address=&#8221;\u0141owiczki 32, 32-640 \u0141owiczki, Polska&#8221; mouse_wheel=&#8221;on&#8221;] [et_pb_map_pin title=&#8221;Baza&#8221; pin_address=&#8221;\u0141owiczki 33, 32-640 \u0141owiczki, Polska&#8221; pin_address_lat=&#8221;49.97600946775715&#8243; pin_address_lng=&#8221;19.411656444519053&#8243;] [\/et_pb_map_pin][et_pb_map_pin title=&#8221;Biuro&#8221; pin_address=&#8221;Nowa 4, 32-651 O\u015bwi\u0119cim, Polska&#8221; pin_address_lat=&#8221;50.03061669628577&#8243; pin_address_lng=&#8221;19.256440660852036&#8243;] [\/et_pb_map_pin] [\/et_pb_fullwidth_map][\/et_pb_section][et_pb_section admin_label=&#8221;section&#8221; fullwidth=&#8221;off&#8221;][et_pb_row admin_label=&#8221;row&#8221;][et_pb_column type=&#8221;2_3&#8243;][et_pb_contact_form admin_label=&#8221;Contact Form&#8221; captcha=&#8221;off&#8221; title=&#8221;Kontakt&#8221; email=&#8221;anitrans@interia.pl&#8221; use_redirect=&#8221;off&#8221; success_message=&#8221;Message send.&#8221; input_border_radius=&#8221;0&#8243; use_border_color=&#8221;off&#8221; border_color=&#8221;#ffffff&#8221; border_style=&#8221;solid&#8221; custom_button=&#8221;off&#8221; button_letter_spacing=&#8221;0&#8243; button_use_icon=&#8221;default&#8221; button_icon_placement=&#8221;right&#8221; button_on_hover=&#8221;on&#8221; button_letter_spacing_hover=&#8221;0&#8243;] [et_pb_contact_field field_title=&#8221;Name&#8221; field_type=&#8221;input&#8221; field_id=&#8221;Name&#8221; required_mark=&#8221;on&#8221; fullwidth_field=&#8221;off&#8221; form_field_font_select=&#8221;default&#8221; form_field_font=&#8221;||||&#8221; use_border_color=&#8221;off&#8221; border_style=&#8221;solid&#8221;] [\/et_pb_contact_field][et_pb_contact_field field_title=&#8221;E-mail&#8221; field_type=&#8221;email&#8221; field_id=&#8221;Email&#8221; required_mark=&#8221;on&#8221; fullwidth_field=&#8221;off&#8221; form_field_font_select=&#8221;default&#8221; form_field_font=&#8221;||||&#8221; use_border_color=&#8221;off&#8221; border_style=&#8221;solid&#8221;] [\/et_pb_contact_field][et_pb_contact_field field_title=&#8221;Nachricht&#8221; field_type=&#8221;text&#8221; field_id=&#8221;Message&#8221; required_mark=&#8221;on&#8221; fullwidth_field=&#8221;on&#8221; form_field_font_select=&#8221;default&#8221; form_field_font=&#8221;||||&#8221; use_border_color=&#8221;off&#8221; border_style=&#8221;solid&#8221;] [\/et_pb_contact_field] [\/et_pb_contact_form][\/et_pb_column][et_pb_column type=&#8221;1_3&#8243;][et_pb_text admin_label=&#8221;Text&#8221; background_layout=&#8221;light&#8221; text_orientation=&#8221;left&#8221; use_border_color=&#8221;off&#8221; border_color=&#8221;#ffffff&#8221; border_style=&#8221;solid&#8221;]<\/p>\n<h3>Adresse<\/h3>\n<p><strong><span style=\"text-decoration: underline;\">der Base:<\/span><br \/>\n\u0141owiczki ul. Centralna 41,<\/strong><br \/>\n<strong>32-640 Zator<\/strong><\/p>\n<p><strong><span style=\"text-decoration: underline;\">das\u00a0B\u00fcro:<br \/>\n<\/span>Nowa 25,<\/strong><br \/>\n<strong> 32-600 O\u015bwi\u0119cim<\/strong><\/p>\n<h3>Telefon und E-Mail<\/h3>\n<p><strong><span style=\"text-decoration: underline;\">CEO:<\/span><br \/>\n<\/strong><strong>Krzysztof Kubiczek\u00a0<\/strong><br \/>\ntel: +48502651254<br \/>\ne-mail: anitrans@interia.pl<\/p>\n<p><span style=\"text-decoration: underline;\"><strong>das B\u00fcro:<br \/>\n<\/strong><\/span><strong><em>Planning:<\/em><br \/>\n<\/strong><strong>Marek Homoncik<br \/>\n<\/strong>tel +48693409006<br \/>\nfax: +48 338411946<br \/>\ne-mail: planer.anitrans@wp.pl<\/p>\n<p><em><strong>Accounting:<br \/>\n<\/strong><\/em><strong>Renata Sroka<\/strong><strong><br \/>\n<\/strong>tel: +48696807482<br \/>\nfax: +48338411946<br \/>\ne-mail: accounting.anitrans@wp.pl<\/p>\n<h3>weitere Informationen<\/h3>\n<p><strong>NIP:\u00a0<\/strong>5491264170<\/p>\n<p><strong>REGON:\u00a0<\/strong>356827979<\/p>\n<p>&nbsp;<\/p>\n<p>[\/et_pb_text][\/et_pb_column][\/et_pb_row][\/et_pb_section][et_pb_section admin_label=&#8221;Sekcja&#8221; fullwidth=&#8221;off&#8221; specialty=&#8221;off&#8221;][et_pb_row admin_label=&#8221;Wiersz&#8221;][et_pb_column type=&#8221;4_4&#8243;][et_pb_text admin_label=&#8221;Tekst&#8221; background_layout=&#8221;light&#8221; text_orientation=&#8221;right&#8221; use_border_color=&#8221;off&#8221; border_color=&#8221;#ffffff&#8221; border_style=&#8221;solid&#8221;]<\/p>\n<p>Realizacja <strong><a href=\"https:\/\/smartfrigo.com\/pl\/\">Smartfrigo<\/a><\/strong><\/p>\n<p>[\/et_pb_text][\/et_pb_column][\/et_pb_row][\/et_pb_section]<\/p>\n","protected":false},"excerpt":{"rendered":"<p>Adresse der Base: \u0141owiczki ul. Centralna 41, 32-640 Zator das\u00a0B\u00fcro: Nowa 25, 32-600 O\u015bwi\u0119cim Telefon und E-Mail CEO: Krzysztof Kubiczek\u00a0 tel: +48502651254 e-mail: anitrans@interia.pl das B\u00fcro: Planning: Marek Homoncik tel +48693409006 fax: +48 338411946 e-mail: planer.anitrans@wp.pl Accounting: Renata Sroka tel: +48696807482 fax: +48338411946 e-mail: accounting.anitrans@wp.pl weitere Informationen NIP:\u00a05491264170 REGON:\u00a0356827979 &nbsp; Realizacja Smartfrigo<\/p>\n","protected":false},"author":1,"featured_media":0,"parent":0,"menu_order":0,"comment_status":"closed","ping_status":"closed","template":"","meta":{"_et_pb_use_builder":"on","_et_pb_old_content":"","_et_gb_content_width":"","footnotes":""},"class_list":["post-354","page","type-page","status-publish","hentry"],"_links":{"self":[{"href":"http:\/\/ani-trans.eu\/de\/wp-json\/wp\/v2\/pages\/354","targetHints":{"allow":["GET"]}}],"collection":[{"href":"http:\/\/ani-trans.eu\/de\/wp-json\/wp\/v2\/pages"}],"about":[{"href":"http:\/\/ani-trans.eu\/de\/wp-json\/wp\/v2\/types\/page"}],"author":[{"embeddable":true,"href":"http:\/\/ani-trans.eu\/de\/wp-json\/wp\/v2\/users\/1"}],"replies":[{"embeddable":true,"href":"http:\/\/ani-trans.eu\/de\/wp-json\/wp\/v2\/comments?post=354"}],"version-history":[{"count":3,"href":"http:\/\/ani-trans.eu\/de\/wp-json\/wp\/v2\/pages\/354\/revisions"}],"predecessor-version":[{"id":468,"href":"http:\/\/ani-trans.eu\/de\/wp-json\/wp\/v2\/pages\/354\/revisions\/468"}],"wp:attachment":[{"href":"http:\/\/ani-trans.eu\/de\/wp-json\/wp\/v2\/media?parent=354"}],"curies":[{"name":"wp","href":"https:\/\/api.w.org\/{rel}","templated":true}]}}