{"id":319,"date":"2016-03-09T15:45:54","date_gmt":"2016-03-09T14:45:54","guid":{"rendered":"http:\/\/ani-trans.eu\/en\/glowna\/"},"modified":"2025-09-16T11:46:20","modified_gmt":"2025-09-16T09:46:20","slug":"glowna","status":"publish","type":"page","link":"http:\/\/ani-trans.eu\/en\/","title":{"rendered":"Strona G\u0142\u00f3wna"},"content":{"rendered":"<p>[et_pb_section fb_built=&#8221;1&#8243; fullwidth=&#8221;on&#8221; admin_label=&#8221;Sekcja&#8221; _builder_version=&#8221;4.16&#8243; global_colors_info=&#8221;{}&#8221;][et_pb_fullwidth_slider show_arrows=&#8221;off&#8221; show_pagination=&#8221;off&#8221; admin_label=&#8221;Slider pe\u0142nej szeroko\u015bci&#8221; _builder_version=&#8221;4.16&#8243; header_letter_spacing=&#8221;4px&#8221; header_line_height=&#8221;1.2em&#8221; body_text_color=&#8221;#ffffff&#8221; body_font_size=&#8221;20&#8243; parallax=&#8221;on&#8221; button_icon=&#8221;%%38%%&#8221; custom_padding=&#8221;|||&#8221; custom_padding_tablet=&#8221;|||&#8221; custom_padding_phone=&#8221;|||&#8221; auto=&#8221;on&#8221; auto_speed=&#8221;50&#8243; box_shadow_style=&#8221;preset6&#8243; box_shadow_blur=&#8221;10px&#8221; box_shadow_color=&#8221;rgba(0,0,0,0.1)&#8221; remove_inner_shadow=&#8221;off&#8221; hide_content_on_mobile=&#8221;off&#8221; hide_cta_on_mobile=&#8221;off&#8221; show_inner_shadow=&#8221;on&#8221; button_letter_spacing_hover=&#8221;0&#8243; global_colors_info=&#8221;{}&#8221; button_text_size__hover_enabled=&#8221;off&#8221; button_one_text_size__hover_enabled=&#8221;off&#8221; button_two_text_size__hover_enabled=&#8221;off&#8221; button_text_color__hover_enabled=&#8221;off&#8221; button_one_text_color__hover_enabled=&#8221;off&#8221; button_two_text_color__hover_enabled=&#8221;off&#8221; button_border_width__hover_enabled=&#8221;off&#8221; button_one_border_width__hover_enabled=&#8221;off&#8221; button_two_border_width__hover_enabled=&#8221;off&#8221; button_border_color__hover_enabled=&#8221;off&#8221; button_one_border_color__hover_enabled=&#8221;off&#8221; button_two_border_color__hover_enabled=&#8221;off&#8221; button_border_radius__hover_enabled=&#8221;off&#8221; button_one_border_radius__hover_enabled=&#8221;off&#8221; button_two_border_radius__hover_enabled=&#8221;off&#8221; button_letter_spacing__hover_enabled=&#8221;on&#8221; button_letter_spacing__hover=&#8221;0&#8243; button_one_letter_spacing__hover_enabled=&#8221;off&#8221; button_two_letter_spacing__hover_enabled=&#8221;off&#8221; button_bg_color__hover_enabled=&#8221;off&#8221; button_one_bg_color__hover_enabled=&#8221;off&#8221; button_two_bg_color__hover_enabled=&#8221;off&#8221;][et_pb_slide heading=&#8221;Profesjonalne us\u0142ugi transportowe.&#8221; button_text=&#8221;Dowiedz si\u0119 wi\u0119cej!&#8221; button_link=&#8221;https:\/\/ani-trans.eu\/about\/&#8221; use_bg_overlay=&#8221;off&#8221; use_text_overlay=&#8221;on&#8221; text_overlay_color=&#8221;rgba(30,115,190,0.82)&#8221; _builder_version=&#8221;4.16&#8243; header_font=&#8221;|on||on|&#8221; body_font=&#8221;||||&#8221; background_color=&#8221;#ffffff&#8221; background_image=&#8221;https:\/\/ani-trans.eu\/wp-content\/uploads\/2016\/03\/IMG_0008.jpg&#8221; background_size=&#8221;initial&#8221; button_icon_placement=&#8221;right&#8221; button_on_hover=&#8221;on&#8221; global_colors_info=&#8221;{}&#8221; button_text_size__hover_enabled=&#8221;off&#8221; button_one_text_size__hover_enabled=&#8221;off&#8221; button_two_text_size__hover_enabled=&#8221;off&#8221; button_text_color__hover_enabled=&#8221;off&#8221; button_one_text_color__hover_enabled=&#8221;off&#8221; button_two_text_color__hover_enabled=&#8221;off&#8221; button_border_width__hover_enabled=&#8221;off&#8221; button_one_border_width__hover_enabled=&#8221;off&#8221; button_two_border_width__hover_enabled=&#8221;off&#8221; button_border_color__hover_enabled=&#8221;off&#8221; button_one_border_color__hover_enabled=&#8221;off&#8221; button_two_border_color__hover_enabled=&#8221;off&#8221; button_border_radius__hover_enabled=&#8221;off&#8221; button_one_border_radius__hover_enabled=&#8221;off&#8221; button_two_border_radius__hover_enabled=&#8221;off&#8221; button_letter_spacing__hover_enabled=&#8221;off&#8221; button_one_letter_spacing__hover_enabled=&#8221;off&#8221; button_two_letter_spacing__hover_enabled=&#8221;off&#8221; button_bg_color__hover_enabled=&#8221;off&#8221; button_one_bg_color__hover_enabled=&#8221;off&#8221; button_two_bg_color__hover_enabled=&#8221;off&#8221; sticky_transition=&#8221;on&#8221;]Stawiamy na jako\u015b\u0107 i ekologi\u0119!<br \/>\n[\/et_pb_slide][\/et_pb_fullwidth_slider][\/et_pb_section][et_pb_section fb_built=&#8221;1&#8243; admin_label=&#8221;Sekcja&#8221; _builder_version=&#8221;4.16&#8243; global_colors_info=&#8221;{}&#8221;][et_pb_row column_structure=&#8221;1_2,1_2&#8243; admin_label=&#8221;Wiersz&#8221; _builder_version=&#8221;4.16&#8243; background_size=&#8221;initial&#8221; background_position=&#8221;top_left&#8221; background_repeat=&#8221;repeat&#8221; global_colors_info=&#8221;{}&#8221;][et_pb_column type=&#8221;1_2&#8243; _builder_version=&#8221;4.16&#8243; custom_padding=&#8221;|||&#8221; global_colors_info=&#8221;{}&#8221; custom_padding__hover=&#8221;|||&#8221;][et_pb_blurb title=&#8221;Transport mi\u0119dzynarodowy z profesjonalnym zapleczem&#8221; url_new_window=&#8221;on&#8221; image=&#8221;https:\/\/ani-trans.eu\/wp-content\/uploads\/2016\/03\/amitrans2.png&#8221; image_icon_width=&#8221;none&#8221; admin_label=&#8221;Notka&#8221; _builder_version=&#8221;4.27.4&#8243; header_font=&#8221;Oswald|||on|&#8221; header_text_color=&#8221;#1e73be&#8221; header_font_size=&#8221;21&#8243; header_letter_spacing=&#8221;1px&#8221; header_line_height=&#8221;1.1em&#8221; background_size=&#8221;initial&#8221; background_position=&#8221;top_left&#8221; background_repeat=&#8221;repeat&#8221; text_orientation=&#8221;center&#8221; hover_enabled=&#8221;0&#8243; use_border_color=&#8221;off&#8221; border_color=&#8221;#ffffff&#8221; border_style=&#8221;solid&#8221; image_max_width=&#8221;none&#8221; global_colors_info=&#8221;{}&#8221; sticky_enabled=&#8221;0&#8243;]<\/p>\n<p style=\"text-align: left;\">Nasza firma dysponuje flot\u0105 <strong>45 nowoczesnych pojazd\u00f3w marki DAF i Scania<\/strong> w normie emisji <strong>Euro 6<\/strong>, co stanowi gwarancj\u0119 niezawodno\u015bci, bezpiecze\u0144stwa i ekologii. Stawiamy wy\u0142\u0105cznie na sprawdzone rozwi\u0105zania technologiczne, kt\u00f3re pozwalaj\u0105 nam realizowa\u0107 transport na najwy\u017cszym poziomie, bez kompromis\u00f3w w kwestii jako\u015bci i terminowo\u015bci.<\/p>\n<p style=\"text-align: left;\">Dzi\u0119ki mi\u0119dzynarodowemu zasi\u0119gowi naszych us\u0142ug z powodzeniem realizujemy zlecenia na terenie <strong>Belgii, Holandii, Niemiec, Austrii, Francji, Hiszpanii, W\u0119gier, Danii oraz Luksemburga<\/strong>, co potwierdzaj\u0105 liczne udane realizacje.<\/p>\n<p style=\"text-align: left;\">Nasze naczepy<br \/>Posiadamy r\u00f3\u017cnorodne naczepy, kt\u00f3re umo\u017cliwiaj\u0105 elastyczn\u0105 obs\u0142ug\u0119 wielu typ\u00f3w \u0142adunk\u00f3w:<\/p>\n<ul style=\"text-align: left;\">\n<li>naczepy typu mega,<\/li>\n<li>naczepy typu standard,<\/li>\n<li>naczepy coil mulda,<\/li>\n<li>naczepy z ruchom\u0105 pod\u0142og\u0105 (walking floor).<\/li>\n<\/ul>\n<p style=\"text-align: left;\">Dzi\u0119ki takiej konfiguracji floty jeste\u015bmy w stanie sprosta\u0107 nawet najbardziej wymagaj\u0105cym zleceniom transportowym.<\/p>\n<p>[\/et_pb_blurb][\/et_pb_column][et_pb_column type=&#8221;1_2&#8243; _builder_version=&#8221;4.16&#8243; custom_padding=&#8221;|||&#8221; global_colors_info=&#8221;{}&#8221; custom_padding__hover=&#8221;|||&#8221;][et_pb_blurb title=&#8221;Ponad dekada do\u015bwiadczenia&#8221; image=&#8221;https:\/\/ani-trans.eu\/wp-content\/uploads\/2016\/03\/amitrans1.png&#8221; image_icon_width=&#8221;none&#8221; admin_label=&#8221;Notka&#8221; _builder_version=&#8221;4.16&#8243; header_font=&#8221;Oswald|||on|&#8221; header_text_color=&#8221;#1e73be&#8221; header_font_size=&#8221;21&#8243; header_letter_spacing=&#8221;1&#8243; header_line_height=&#8221;1.1&#8243; background_size=&#8221;initial&#8221; background_position=&#8221;top_left&#8221; background_repeat=&#8221;repeat&#8221; text_orientation=&#8221;center&#8221; use_border_color=&#8221;off&#8221; border_color=&#8221;#ffffff&#8221; border_style=&#8221;solid&#8221; image_max_width=&#8221;none&#8221; global_colors_info=&#8221;{}&#8221;]<\/p>\n<p style=\"text-align: justify;\"><b>Ani Trans<\/b><span style=\"font-weight: 400;\">\u00a0to do\u015bwiadczony zesp\u00f3\u0142, kt\u00f3ry na rynku transportowym dzia\u0142a nieprzerwanie od\u00a0<\/span><b>2004<\/b><span style=\"font-weight: 400;\">\u00a0roku. Dzi\u0119ki zdobytemu wieloletniemu do\u015bwiadczeniu potrafimy trafi\u0107 idealnie w potrzeby <\/span><span style=\"font-weight: 400;\">klienta i zaproponowa\u0107 us\u0142ug\u0119 w 100% zgodn\u0105 z oczekiwaniami, nie wa\u017cne\u00a0czy b\u0119dzie to\u00a0<\/span><b>transport plandek\u0105<\/b><span style=\"font-weight: 400;\">,\u00a0<\/span><b>transport mega automotive <\/b><span style=\"font-weight: 400;\">.<\/span><span style=\"font-weight: 400;\">\u00a0Naszymi has\u0142ami s\u0105\u00a0<\/span><i><span style=\"font-weight: 400;\">\u201ejako\u015b\u0107\u201d<\/span><\/i><span style=\"font-weight: 400;\">\u00a0i\u00a0<\/span><i><span style=\"font-weight: 400;\">\u201eekologia\u201d<\/span><\/i><span style=\"font-weight: 400;\">, a swoimi dzia\u0142aniami dowodzimy, \u017ce przedsi\u0119biorstwo transportowe mo\u017ce by\u0107 tak\u017ce przyjazne \u015brodowisku.<\/span><\/p>\n<p style=\"text-align: justify;\"><span style=\"font-weight: 400;\">Stawiamy r\u00f3wnie\u017c na rozw\u00f3j. Do wykonywanych\u00a0 us\u0142ug transportowych u\u017cywamy najnowszego sprz\u0119tu. Nasz zesp\u00f3\u0142 sk\u0142ada si\u0119 z dobrze przeszkolonych kierowc\u00f3w oraz zgranego zespo\u0142u, kt\u00f3ry dba o wszystkie szczeg\u00f3\u0142y.\u00a0<\/span><\/p>\n<p>[\/et_pb_blurb][\/et_pb_column][\/et_pb_row][et_pb_row admin_label=&#8221;Wiersz&#8221; _builder_version=&#8221;4.16&#8243; background_size=&#8221;initial&#8221; background_position=&#8221;top_left&#8221; background_repeat=&#8221;repeat&#8221; global_colors_info=&#8221;{}&#8221;][et_pb_column type=&#8221;4_4&#8243; _builder_version=&#8221;4.16&#8243; custom_padding=&#8221;|||&#8221; global_colors_info=&#8221;{}&#8221; custom_padding__hover=&#8221;|||&#8221;][et_pb_gallery gallery_ids=&#8221;292,293,281,76,100&#8243; show_title_and_caption=&#8221;off&#8221; admin_label=&#8221;Galeria&#8221; _builder_version=&#8221;3.0.87&#8243; use_border_color=&#8221;off&#8221; border_color=&#8221;#ffffff&#8221; border_style=&#8221;solid&#8221; global_module=&#8221;299&#8243; saved_tabs=&#8221;all&#8221; global_colors_info=&#8221;{}&#8221;][\/et_pb_gallery][\/et_pb_column][\/et_pb_row][\/et_pb_section][et_pb_section fb_built=&#8221;1&#8243; fullwidth=&#8221;on&#8221; admin_label=&#8221;Sekcja&#8221; _builder_version=&#8221;4.16&#8243; global_colors_info=&#8221;{}&#8221;][et_pb_fullwidth_header title=&#8221; Nowoczesna flota. Elastyczne rozwi\u0105zania. Terminowa dostawa.&#8221; text_orientation=&#8221;center&#8221; background_overlay_color=&#8221;rgba(30,115,190,0.72)&#8221; content_max_width=&#8221;none&#8221; admin_label=&#8221;Nag\u0142\u00f3wek pe\u0142nej szeroko\u015bci&#8221; _builder_version=&#8221;4.27.4&#8243; title_font=&#8221;Oswald|||on|&#8221; title_font_size=&#8221;27px&#8221; subhead_font_size=&#8221;24px&#8221; background_color=&#8221;#1e73be&#8221; background_image=&#8221;https:\/\/ani-trans.eu\/wp-content\/uploads\/2016\/03\/IMG_0010-1.jpg&#8221; hover_enabled=&#8221;0&#8243; button_one_letter_spacing_hover=&#8221;0&#8243; button_two_letter_spacing_hover=&#8221;0&#8243; background_url=&#8221;https:\/\/ani-trans.eu\/wp-content\/uploads\/2016\/03\/IMG_0010-1.jpg&#8221; global_colors_info=&#8221;{}&#8221; button_one_text_size__hover_enabled=&#8221;off&#8221; button_two_text_size__hover_enabled=&#8221;off&#8221; button_one_text_color__hover_enabled=&#8221;off&#8221; button_two_text_color__hover_enabled=&#8221;off&#8221; button_one_border_width__hover_enabled=&#8221;off&#8221; button_two_border_width__hover_enabled=&#8221;off&#8221; button_one_border_color__hover_enabled=&#8221;off&#8221; button_two_border_color__hover_enabled=&#8221;off&#8221; button_one_border_radius__hover_enabled=&#8221;off&#8221; button_two_border_radius__hover_enabled=&#8221;off&#8221; button_one_letter_spacing__hover_enabled=&#8221;on&#8221; button_one_letter_spacing__hover=&#8221;0&#8243; button_two_letter_spacing__hover_enabled=&#8221;on&#8221; button_two_letter_spacing__hover=&#8221;0&#8243; button_one_bg_color__hover_enabled=&#8221;off&#8221; button_two_bg_color__hover_enabled=&#8221;off&#8221; sticky_enabled=&#8221;0&#8243;][\/et_pb_fullwidth_header][\/et_pb_section][et_pb_section fb_built=&#8221;1&#8243; admin_label=&#8221;section&#8221; _builder_version=&#8221;4.16&#8243; global_colors_info=&#8221;{}&#8221;][et_pb_row column_structure=&#8221;1_4,1_4,1_4,1_4&#8243; admin_label=&#8221;row&#8221; _builder_version=&#8221;4.16&#8243; background_size=&#8221;initial&#8221; background_position=&#8221;top_left&#8221; background_repeat=&#8221;repeat&#8221; global_colors_info=&#8221;{}&#8221;][et_pb_column type=&#8221;1_4&#8243; _builder_version=&#8221;4.16&#8243; custom_padding=&#8221;|||&#8221; global_colors_info=&#8221;{}&#8221; custom_padding__hover=&#8221;|||&#8221;][et_pb_blurb title=&#8221;Europejski zasi\u0119g&#8221; use_icon=&#8221;on&#8221; font_icon=&#8221;&#xe0e2;||divi||400&#8243; icon_color=&#8221;#1e73be&#8221; image_icon_background_color=&#8221;#fcfcfc&#8221; image_icon_width=&#8221;48px&#8221; admin_label=&#8221;Blurb&#8221; _builder_version=&#8221;4.16&#8243; header_font=&#8221;Oswald|||on|&#8221; header_text_color=&#8221;#1e73be&#8221; background_size=&#8221;initial&#8221; background_position=&#8221;top_left&#8221; background_repeat=&#8221;repeat&#8221; image_icon_custom_padding=&#8221;25px|25px|25px|25px|false|false&#8221; text_orientation=&#8221;center&#8221; border_radii_image=&#8221;on|100%|100%|100%|100%&#8221; border_width_all_image=&#8221;3px&#8221; border_color_all_image=&#8221;#1e73be&#8221; use_border_color=&#8221;off&#8221; border_color=&#8221;#ffffff&#8221; border_style=&#8221;solid&#8221; use_circle=&#8221;on&#8221; use_circle_border=&#8221;on&#8221; circle_border_color=&#8221;#1e73be&#8221; circle_color=&#8221;#fcfcfc&#8221; global_colors_info=&#8221;{}&#8221; image_icon_background_color__sticky_enabled=&#8221;#7EBEC5&#8243; image_icon_background_color__sticky=&#8221;#7EBEC5&#8243;]Uznana marka\u00a0m.in w Belgii, Holandii czy Niemczech.<br \/>\n[\/et_pb_blurb][\/et_pb_column][et_pb_column type=&#8221;1_4&#8243; _builder_version=&#8221;4.16&#8243; custom_padding=&#8221;|||&#8221; global_colors_info=&#8221;{}&#8221; custom_padding__hover=&#8221;|||&#8221;][et_pb_blurb title=&#8221;Terminowo\u015b\u0107&#8221; use_icon=&#8221;on&#8221; font_icon=&#8221;&#xe023;||divi||400&#8243; icon_color=&#8221;#1e73be&#8221; image_icon_background_color=&#8221;#ffffff&#8221; image_icon_width=&#8221;48px&#8221; admin_label=&#8221;Blurb&#8221; _builder_version=&#8221;4.16&#8243; header_font=&#8221;Oswald|||on|&#8221; header_text_color=&#8221;#1e73be&#8221; background_size=&#8221;initial&#8221; background_position=&#8221;top_left&#8221; background_repeat=&#8221;repeat&#8221; image_icon_custom_padding=&#8221;25px|25px|25px|25px|false|false&#8221; text_orientation=&#8221;center&#8221; border_radii_image=&#8221;on|100%|100%|100%|100%&#8221; border_width_all_image=&#8221;3px&#8221; border_color_all_image=&#8221;#1e73be&#8221; use_border_color=&#8221;off&#8221; border_color=&#8221;#ffffff&#8221; border_style=&#8221;solid&#8221; use_circle=&#8221;on&#8221; use_circle_border=&#8221;on&#8221; circle_border_color=&#8221;#1e73be&#8221; circle_color=&#8221;#ffffff&#8221; global_colors_info=&#8221;{}&#8221; image_icon_background_color__sticky_enabled=&#8221;#7EBEC5&#8243; image_icon_background_color__sticky=&#8221;#7EBEC5&#8243;] Punktualno\u015b\u0107 jest cech\u0105 profesjonalist\u00f3w. Tylko zorganizowani ludzie odnosz\u0105 sukces. [\/et_pb_blurb][\/et_pb_column][et_pb_column type=&#8221;1_4&#8243; _builder_version=&#8221;4.16&#8243; custom_padding=&#8221;|||&#8221; global_colors_info=&#8221;{}&#8221; custom_padding__hover=&#8221;|||&#8221;][et_pb_blurb title=&#8221;Wysoka jako\u015b\u0107&#8221; use_icon=&#8221;on&#8221; font_icon=&#8221;&#xe106;||divi||400&#8243; icon_color=&#8221;#1e73be&#8221; image_icon_background_color=&#8221;#ffffff&#8221; image_icon_width=&#8221;48px&#8221; admin_label=&#8221;Blurb&#8221; _builder_version=&#8221;4.16&#8243; header_font=&#8221;Oswald|||on|&#8221; header_text_color=&#8221;#1e73be&#8221; background_size=&#8221;initial&#8221; background_position=&#8221;top_left&#8221; background_repeat=&#8221;repeat&#8221; image_icon_custom_padding=&#8221;25px|25px|25px|25px|false|false&#8221; text_orientation=&#8221;center&#8221; border_radii_image=&#8221;on|100%|100%|100%|100%&#8221; border_width_all_image=&#8221;3px&#8221; border_color_all_image=&#8221;#1e73be&#8221; use_border_color=&#8221;off&#8221; border_color=&#8221;#ffffff&#8221; border_style=&#8221;solid&#8221; use_circle=&#8221;on&#8221; use_circle_border=&#8221;on&#8221; circle_border_color=&#8221;#1e73be&#8221; circle_color=&#8221;#ffffff&#8221; global_colors_info=&#8221;{}&#8221; image_icon_background_color__sticky_enabled=&#8221;#7EBEC5&#8243; image_icon_background_color__sticky=&#8221;#7EBEC5&#8243;] Szanujemy czas naszych Klient\u00f3w, dlatego nie oferujemy us\u0142ug, co do kt\u00f3rych nie jeste\u015bmy w 100% pewni, \u017ce b\u0119d\u0105 dobrze wykonane. [\/et_pb_blurb][\/et_pb_column][et_pb_column type=&#8221;1_4&#8243; _builder_version=&#8221;4.16&#8243; custom_padding=&#8221;|||&#8221; global_colors_info=&#8221;{}&#8221; custom_padding__hover=&#8221;|||&#8221;][et_pb_blurb title=&#8221;Ekologia!&#8221; use_icon=&#8221;on&#8221; font_icon=&#8221;&#xe072;||divi||400&#8243; icon_color=&#8221;#1e73be&#8221; image_icon_background_color=&#8221;#ffffff&#8221; image_icon_width=&#8221;48px&#8221; admin_label=&#8221;Blurb&#8221; _builder_version=&#8221;4.16&#8243; header_font=&#8221;Oswald|||on|&#8221; header_text_color=&#8221;#1e73be&#8221; background_size=&#8221;initial&#8221; background_position=&#8221;top_left&#8221; background_repeat=&#8221;repeat&#8221; image_icon_custom_padding=&#8221;25px|25px|25px|25px|false|false&#8221; text_orientation=&#8221;center&#8221; border_radii_image=&#8221;on|100%|100%|100%|100%&#8221; border_width_all_image=&#8221;3px&#8221; border_color_all_image=&#8221;#1e73be&#8221; use_border_color=&#8221;off&#8221; border_color=&#8221;#ffffff&#8221; border_style=&#8221;solid&#8221; use_circle=&#8221;on&#8221; use_circle_border=&#8221;on&#8221; circle_border_color=&#8221;#1e73be&#8221; circle_color=&#8221;#ffffff&#8221; global_colors_info=&#8221;{}&#8221; image_icon_background_color__sticky_enabled=&#8221;#7EBEC5&#8243; image_icon_background_color__sticky=&#8221;#7EBEC5&#8243;]Ka\u017cdy ma obowi\u0105zek troszczy\u0107 si\u0119 o \u015brodowisko, nawet profesjonalne firmy transportowe.<br \/>\n[\/et_pb_blurb][\/et_pb_column][\/et_pb_row][et_pb_row admin_label=&#8221;row&#8221; _builder_version=&#8221;4.16&#8243; background_size=&#8221;initial&#8221; background_position=&#8221;top_left&#8221; background_repeat=&#8221;repeat&#8221; global_colors_info=&#8221;{}&#8221;][et_pb_column type=&#8221;4_4&#8243; _builder_version=&#8221;4.16&#8243; custom_padding=&#8221;|||&#8221; global_colors_info=&#8221;{}&#8221; custom_padding__hover=&#8221;|||&#8221;][et_pb_cta title=&#8221;Jeste\u015bmy dost\u0119pni dla Ciebie!&#8221; button_url=&#8221;https:\/\/ani-trans.eu\/kontakt\/&#8221; button_text=&#8221;Kontakt&#8221; admin_label=&#8221;Call To Action&#8221; _builder_version=&#8221;4.16&#8243; header_font=&#8221;Oswald||||&#8221; header_text_color=&#8221;#1e73be&#8221; body_text_color=&#8221;#1e73be&#8221; background_color=&#8221;#ffffff&#8221; background_size=&#8221;initial&#8221; background_position=&#8221;top_left&#8221; background_repeat=&#8221;repeat&#8221; custom_button=&#8221;on&#8221; button_text_color=&#8221;#1e73be&#8221; button_border_color=&#8221;#1e73be&#8221; button_icon=&#8221;&#xe076;||divi||400&#8243; button_on_hover=&#8221;off&#8221; border_width_all=&#8221;2px&#8221; border_color_all=&#8221;#1e73be&#8221; border_style_all=&#8221;groove&#8221; button_letter_spacing_hover=&#8221;0&#8243; use_border_color=&#8221;on&#8221; border_color=&#8221;#1e73be&#8221; border_width=&#8221;2px&#8221; border_style=&#8221;groove&#8221; global_colors_info=&#8221;{}&#8221; button_text_size__hover_enabled=&#8221;off&#8221; button_one_text_size__hover_enabled=&#8221;off&#8221; button_two_text_size__hover_enabled=&#8221;off&#8221; button_text_color__hover_enabled=&#8221;off&#8221; button_one_text_color__hover_enabled=&#8221;off&#8221; button_two_text_color__hover_enabled=&#8221;off&#8221; button_border_width__hover_enabled=&#8221;off&#8221; button_one_border_width__hover_enabled=&#8221;off&#8221; button_two_border_width__hover_enabled=&#8221;off&#8221; button_border_color__hover_enabled=&#8221;off&#8221; button_one_border_color__hover_enabled=&#8221;off&#8221; button_two_border_color__hover_enabled=&#8221;off&#8221; button_border_radius__hover_enabled=&#8221;off&#8221; button_one_border_radius__hover_enabled=&#8221;off&#8221; button_two_border_radius__hover_enabled=&#8221;off&#8221; button_letter_spacing__hover_enabled=&#8221;on&#8221; button_letter_spacing__hover=&#8221;0&#8243; button_one_letter_spacing__hover_enabled=&#8221;off&#8221; button_two_letter_spacing__hover_enabled=&#8221;off&#8221; button_bg_color__hover_enabled=&#8221;off&#8221; button_one_bg_color__hover_enabled=&#8221;off&#8221; button_two_bg_color__hover_enabled=&#8221;off&#8221;]Zapraszamy do kontaktu, odpowiemy na wszelkie pytania.<br \/>\n[\/et_pb_cta][\/et_pb_column][\/et_pb_row][\/et_pb_section][et_pb_section fb_built=&#8221;1&#8243; admin_label=&#8221;Sekcja&#8221; _builder_version=&#8221;4.16&#8243; global_colors_info=&#8221;{}&#8221;][et_pb_row admin_label=&#8221;Wiersz&#8221; _builder_version=&#8221;4.16&#8243; background_size=&#8221;initial&#8221; background_position=&#8221;top_left&#8221; background_repeat=&#8221;repeat&#8221; global_colors_info=&#8221;{}&#8221;][et_pb_column type=&#8221;4_4&#8243; _builder_version=&#8221;4.16&#8243; custom_padding=&#8221;|||&#8221; global_colors_info=&#8221;{}&#8221; custom_padding__hover=&#8221;|||&#8221;][et_pb_text admin_label=&#8221;Tekst&#8221; _builder_version=&#8221;4.16&#8243; background_size=&#8221;initial&#8221; background_position=&#8221;top_left&#8221; background_repeat=&#8221;repeat&#8221; text_orientation=&#8221;right&#8221; use_border_color=&#8221;off&#8221; border_color=&#8221;#ffffff&#8221; border_style=&#8221;solid&#8221; global_colors_info=&#8221;{}&#8221;]Realizacja <strong><a href=\"https:\/\/smartfrigo.com\/pl\/\">SmartFrigo<\/a><\/strong><br \/>\n[\/et_pb_text][\/et_pb_column][\/et_pb_row][\/et_pb_section]<\/p>\n","protected":false},"excerpt":{"rendered":"<p>Stawiamy na jako\u015b\u0107 i ekologi\u0119! Nasza firma dysponuje flot\u0105 45 nowoczesnych pojazd\u00f3w marki DAF i Scania w normie emisji Euro 6, co stanowi gwarancj\u0119 niezawodno\u015bci, bezpiecze\u0144stwa i ekologii. Stawiamy wy\u0142\u0105cznie na sprawdzone rozwi\u0105zania technologiczne, kt\u00f3re pozwalaj\u0105 nam realizowa\u0107 transport na najwy\u017cszym poziomie, bez kompromis\u00f3w w kwestii jako\u015bci i terminowo\u015bci. Dzi\u0119ki mi\u0119dzynarodowemu zasi\u0119gowi naszych us\u0142ug z [&hellip;]<\/p>\n","protected":false},"author":1,"featured_media":0,"parent":0,"menu_order":0,"comment_status":"closed","ping_status":"closed","template":"","meta":{"_et_pb_use_builder":"on","_et_pb_old_content":"","_et_gb_content_width":"","footnotes":""},"class_list":["post-319","page","type-page","status-publish","hentry"],"_links":{"self":[{"href":"http:\/\/ani-trans.eu\/en\/wp-json\/wp\/v2\/pages\/319","targetHints":{"allow":["GET"]}}],"collection":[{"href":"http:\/\/ani-trans.eu\/en\/wp-json\/wp\/v2\/pages"}],"about":[{"href":"http:\/\/ani-trans.eu\/en\/wp-json\/wp\/v2\/types\/page"}],"author":[{"embeddable":true,"href":"http:\/\/ani-trans.eu\/en\/wp-json\/wp\/v2\/users\/1"}],"replies":[{"embeddable":true,"href":"http:\/\/ani-trans.eu\/en\/wp-json\/wp\/v2\/comments?post=319"}],"version-history":[{"count":13,"href":"http:\/\/ani-trans.eu\/en\/wp-json\/wp\/v2\/pages\/319\/revisions"}],"predecessor-version":[{"id":525,"href":"http:\/\/ani-trans.eu\/en\/wp-json\/wp\/v2\/pages\/319\/revisions\/525"}],"wp:attachment":[{"href":"http:\/\/ani-trans.eu\/en\/wp-json\/wp\/v2\/media?parent=319"}],"curies":[{"name":"wp","href":"https:\/\/api.w.org\/{rel}","templated":true}]}}