{"id":311,"date":"2016-03-22T10:15:56","date_gmt":"2016-03-22T09:15:56","guid":{"rendered":"http:\/\/ani-trans.eu\/praca\/?lang=en"},"modified":"2021-03-18T14:07:07","modified_gmt":"2021-03-18T13:07:07","slug":"praca","status":"publish","type":"page","link":"https:\/\/ani-trans.eu\/en\/praca\/","title":{"rendered":"Praca"},"content":{"rendered":"\n[et_pb_section admin_label=&#8221;Sekcja&#8221; fullwidth=&#8221;on&#8221; specialty=&#8221;off&#8221;][et_pb_fullwidth_header admin_label=&#8221;Nag\u0142\u00f3wek pe\u0142nej szeroko\u015bci&#8221; title=&#8221;Looking for a Job?&#8221; background_layout=&#8221;light&#8221; text_orientation=&#8221;center&#8221; header_fullscreen=&#8221;off&#8221; header_scroll_down=&#8221;off&#8221; parallax=&#8221;on&#8221; parallax_method=&#8221;off&#8221; content_orientation=&#8221;center&#8221; image_orientation=&#8221;center&#8221; custom_button_one=&#8221;off&#8221; button_one_letter_spacing=&#8221;0&#8243; button_one_use_icon=&#8221;default&#8221; button_one_icon_placement=&#8221;right&#8221; button_one_on_hover=&#8221;on&#8221; button_one_letter_spacing_hover=&#8221;0&#8243; custom_button_two=&#8221;off&#8221; button_two_letter_spacing=&#8221;0&#8243; button_two_use_icon=&#8221;default&#8221; button_two_icon_placement=&#8221;right&#8221; button_two_on_hover=&#8221;on&#8221; button_two_letter_spacing_hover=&#8221;0&#8243; title_font=&#8221;Oswald|||on|&#8221; title_font_size=&#8221;42px&#8221; background_url=&#8221;https:\/\/ani-trans.eu\/wp-content\/uploads\/2016\/03\/building-731207.jpg&#8221; subhead=&#8221;Choose best!&#8221; subhead_font=&#8221;Oswald||||&#8221; subhead_font_size=&#8221;26px&#8221; subhead_font_color=&#8221;#000000&#8243;] [\/et_pb_fullwidth_header][\/et_pb_section][et_pb_section admin_label=&#8221;section&#8221; fullwidth=&#8221;off&#8221; specialty=&#8221;off&#8221;][et_pb_row admin_label=&#8221;row&#8221; make_fullwidth=&#8221;off&#8221; use_custom_width=&#8221;off&#8221; width_unit=&#8221;on&#8221; use_custom_gutter=&#8221;off&#8221; padding_mobile=&#8221;off&#8221; allow_player_pause=&#8221;off&#8221; parallax=&#8221;off&#8221; parallax_method=&#8221;off&#8221; make_equal=&#8221;off&#8221; parallax_1=&#8221;off&#8221; parallax_method_1=&#8221;off&#8221; parallax_2=&#8221;off&#8221; parallax_method_2=&#8221;off&#8221; column_padding_mobile=&#8221;on&#8221;][et_pb_column type=&#8221;4_4&#8243;][et_pb_text admin_label=&#8221;Tekst&#8221; background_layout=&#8221;light&#8221; text_orientation=&#8221;left&#8221; use_border_color=&#8221;off&#8221; border_color=&#8221;#ffffff&#8221; border_style=&#8221;solid&#8221; custom_padding=&#8221;10px|10px|10px|10px&#8221;]\r\n<h2 style=\"text-align: center;\">Great working conditions confirmed by a certificate!<\/h2>\r\n\r\n<hr \/>\r\n<p style=\"text-align: center;\">Want to work as an international driver?<\/p>\r\n<p style=\"text-align: center;\">We have a <strong>\u201cSafe Driver\u201d certificate<\/strong> issued by the<strong> Beniamin Training Centre<\/strong>, which is a guarantee of a safe, stable job.<\/p>\r\n[\/et_pb_text][et_pb_image admin_label=&#8221;Obraz&#8221; src=&#8221;https:\/\/ani-trans.eu\/wp-content\/uploads\/2016\/03\/Benjamin.jpg&#8221; show_in_lightbox=&#8221;on&#8221; url_new_window=&#8221;off&#8221; use_overlay=&#8221;off&#8221; animation=&#8221;left&#8221; sticky=&#8221;off&#8221; align=&#8221;center&#8221; force_fullwidth=&#8221;off&#8221; always_center_on_mobile=&#8221;on&#8221; use_border_color=&#8221;off&#8221; border_color=&#8221;#ffffff&#8221; border_style=&#8221;solid&#8221; max_width=&#8221;30%&#8221;] [\/et_pb_image][\/et_pb_column][\/et_pb_row][et_pb_row admin_label=&#8221;Wiersz&#8221;][et_pb_column type=&#8221;4_4&#8243;][et_pb_cta admin_label=&#8221;Wezwanie do dzia\u0142ania&#8221; title=&#8221;Why wait? Apply today!&#8221; button_url=&#8221;https:\/\/ani-trans.eu\/en\/kontakt\/&#8221; url_new_window=&#8221;off&#8221; button_text=&#8221;Contact us!&#8221; use_background_color=&#8221;on&#8221; background_color=&#8221;#1e73be&#8221; background_layout=&#8221;dark&#8221; text_orientation=&#8221;center&#8221; use_border_color=&#8221;off&#8221; border_color=&#8221;#ffffff&#8221; border_style=&#8221;solid&#8221; custom_button=&#8221;on&#8221; button_letter_spacing=&#8221;0&#8243; button_use_icon=&#8221;default&#8221; button_icon_placement=&#8221;right&#8221; button_on_hover=&#8221;on&#8221; button_letter_spacing_hover=&#8221;0&#8243; header_font=&#8221;Oswald||||&#8221; body_font=&#8221;Oswald||||&#8221; button_icon=&#8221;%%153%%&#8221;] [\/et_pb_cta][et_pb_map admin_label=&#8221;Mapa&#8221; address_lat=&#8221;50.01501571361108&#8243; address_lng=&#8221;19.336665051674572&#8243; mouse_wheel=&#8221;on&#8221; use_grayscale_filter=&#8221;on&#8221; grayscale_filter_amount=&#8221;21&#8243; address=&#8221;Aleja 1 Maja 5, 32-640 Zator, Polska&#8221; zoom_level=&#8221;11&#8243;] [et_pb_map_pin title=&#8221;Biuro&#8221; pin_address=&#8221;Nowa 4, 32-651 O\u015bwi\u0119cim, Polska&#8221; pin_address_lat=&#8221;50.03060291234359&#8243; pin_address_lng=&#8221;19.256451389688095&#8243;] [\/et_pb_map_pin][et_pb_map_pin title=&#8221;Baza&#8221; pin_address=&#8221;\u0141owiczki 33, 32-640 \u0141owiczki, Polska&#8221; pin_address_lat=&#8221;49.9759989&#8243; pin_address_lng=&#8221;19.41146989999993&#8243;] [\/et_pb_map_pin] [\/et_pb_map][\/et_pb_column][\/et_pb_row][\/et_pb_section][et_pb_section admin_label=&#8221;Sekcja&#8221; fullwidth=&#8221;off&#8221; specialty=&#8221;off&#8221;][et_pb_row admin_label=&#8221;Wiersz&#8221;][et_pb_column type=&#8221;4_4&#8243;][et_pb_text admin_label=&#8221;Tekst&#8221; background_layout=&#8221;light&#8221; text_orientation=&#8221;right&#8221; use_border_color=&#8221;off&#8221; border_color=&#8221;#ffffff&#8221; border_style=&#8221;solid&#8221;] Realizacja <strong><a href=\"https:\/\/smartfrigo.com\/pl\/\">Smartfrigo<\/a><\/strong> [\/et_pb_text][\/et_pb_column][\/et_pb_row][\/et_pb_section]\n","protected":false},"excerpt":{"rendered":"<p>Great working conditions confirmed by a certificate! Want to work as an international driver? We have a \u201cSafe Driver\u201d certificate issued by the Beniamin Training Centre, which is a guarantee of a safe, stable job. Realizacja Smartfrigo<\/p>\n","protected":false},"author":1,"featured_media":0,"parent":0,"menu_order":0,"comment_status":"closed","ping_status":"closed","template":"","meta":{"_et_pb_use_builder":"on","_et_pb_old_content":"","_et_gb_content_width":"","footnotes":""},"class_list":["post-311","page","type-page","status-publish","hentry"],"_links":{"self":[{"href":"https:\/\/ani-trans.eu\/en\/wp-json\/wp\/v2\/pages\/311","targetHints":{"allow":["GET"]}}],"collection":[{"href":"https:\/\/ani-trans.eu\/en\/wp-json\/wp\/v2\/pages"}],"about":[{"href":"https:\/\/ani-trans.eu\/en\/wp-json\/wp\/v2\/types\/page"}],"author":[{"embeddable":true,"href":"https:\/\/ani-trans.eu\/en\/wp-json\/wp\/v2\/users\/1"}],"replies":[{"embeddable":true,"href":"https:\/\/ani-trans.eu\/en\/wp-json\/wp\/v2\/comments?post=311"}],"version-history":[{"count":11,"href":"https:\/\/ani-trans.eu\/en\/wp-json\/wp\/v2\/pages\/311\/revisions"}],"predecessor-version":[{"id":515,"href":"https:\/\/ani-trans.eu\/en\/wp-json\/wp\/v2\/pages\/311\/revisions\/515"}],"wp:attachment":[{"href":"https:\/\/ani-trans.eu\/en\/wp-json\/wp\/v2\/media?parent=311"}],"curies":[{"name":"wp","href":"https:\/\/api.w.org\/{rel}","templated":true}]}}