{"id":317,"date":"2016-03-09T15:52:29","date_gmt":"2016-03-09T14:52:29","guid":{"rendered":"http:\/\/ani-trans.eu\/en\/kontakt\/"},"modified":"2025-09-16T11:51:37","modified_gmt":"2025-09-16T09:51:37","slug":"kontakt","status":"publish","type":"page","link":"https:\/\/ani-trans.eu\/en\/kontakt\/","title":{"rendered":"Kontakt"},"content":{"rendered":"<p>[et_pb_section fb_built=&#8221;1&#8243; fullwidth=&#8221;on&#8221; admin_label=&#8221;section&#8221; _builder_version=&#8221;4.16&#8243; global_colors_info=&#8221;{}&#8221;][et_pb_fullwidth_map address=&#8221;\u0141owiczki 32, 32-640 \u0141owiczki, Polska&#8221; zoom_level=&#8221;10&#8243; address_lat=&#8221;49.992016766103106&#8243; address_lng=&#8221;19.324801152198802&#8243; admin_label=&#8221;Fullwidth Map&#8221; _builder_version=&#8221;4.16&#8243; global_colors_info=&#8221;{}&#8221;][et_pb_map_pin title=&#8221;Baza&#8221; pin_address=&#8221;\u0141owiczki 33, 32-640 \u0141owiczki, Polska&#8221; pin_address_lat=&#8221;49.97600946775715&#8243; pin_address_lng=&#8221;19.411656444519053&#8243; _builder_version=&#8221;3.0.47&#8243; global_colors_info=&#8221;{}&#8221;] [\/et_pb_map_pin][et_pb_map_pin title=&#8221;Biuro&#8221; pin_address=&#8221;Nowa 4, 32-651 O\u015bwi\u0119cim, Polska&#8221; pin_address_lat=&#8221;50.03061669628577&#8243; pin_address_lng=&#8221;19.256440660852036&#8243; _builder_version=&#8221;3.0.47&#8243; global_colors_info=&#8221;{}&#8221;] [\/et_pb_map_pin][\/et_pb_fullwidth_map][\/et_pb_section][et_pb_section fb_built=&#8221;1&#8243; admin_label=&#8221;section&#8221; _builder_version=&#8221;4.16&#8243; global_colors_info=&#8221;{}&#8221;][et_pb_row column_structure=&#8221;2_3,1_3&#8243; admin_label=&#8221;row&#8221; _builder_version=&#8221;4.16&#8243; background_size=&#8221;initial&#8221; background_position=&#8221;top_left&#8221; background_repeat=&#8221;repeat&#8221; global_colors_info=&#8221;{}&#8221;][et_pb_column type=&#8221;2_3&#8243; _builder_version=&#8221;4.16&#8243; custom_padding=&#8221;|||&#8221; global_colors_info=&#8221;{}&#8221; custom_padding__hover=&#8221;|||&#8221;][et_pb_contact_form captcha=&#8221;off&#8221; email=&#8221;annakubiczek@anitrans.pl&#8221; title=&#8221;Skontaktuj si\u0119 z nami&#8221; success_message=&#8221;Wiadomo\u015b\u0107 zosta\u0142a wys\u0142ana. &#8221; admin_label=&#8221;Contact Form&#8221; _builder_version=&#8221;4.27.4&#8243; _unique_id=&#8221;990cca2f-5142-4e8c-b512-2c488b11e5dc&#8221; hover_enabled=&#8221;0&#8243; border_radii=&#8221;on|0px|0px|0px|0px&#8221; use_border_color=&#8221;off&#8221; border_color=&#8221;#ffffff&#8221; border_style=&#8221;solid&#8221; input_border_radius=&#8221;0&#8243; global_colors_info=&#8221;{}&#8221; sticky_enabled=&#8221;0&#8243;][et_pb_contact_field field_id=&#8221;Name&#8221; field_title=&#8221;Nazwa&#8221; _builder_version=&#8221;4.27.4&#8243; hover_enabled=&#8221;0&#8243; global_colors_info=&#8221;{}&#8221; button_text_size__hover_enabled=&#8221;off&#8221; button_one_text_size__hover_enabled=&#8221;off&#8221; button_two_text_size__hover_enabled=&#8221;off&#8221; button_text_color__hover_enabled=&#8221;off&#8221; button_one_text_color__hover_enabled=&#8221;off&#8221; button_two_text_color__hover_enabled=&#8221;off&#8221; button_border_width__hover_enabled=&#8221;off&#8221; button_one_border_width__hover_enabled=&#8221;off&#8221; button_two_border_width__hover_enabled=&#8221;off&#8221; button_border_color__hover_enabled=&#8221;off&#8221; button_one_border_color__hover_enabled=&#8221;off&#8221; button_two_border_color__hover_enabled=&#8221;off&#8221; button_border_radius__hover_enabled=&#8221;off&#8221; button_one_border_radius__hover_enabled=&#8221;off&#8221; button_two_border_radius__hover_enabled=&#8221;off&#8221; button_letter_spacing__hover_enabled=&#8221;off&#8221; button_one_letter_spacing__hover_enabled=&#8221;off&#8221; button_two_letter_spacing__hover_enabled=&#8221;off&#8221; button_bg_color__hover_enabled=&#8221;off&#8221; button_one_bg_color__hover_enabled=&#8221;off&#8221; button_two_bg_color__hover_enabled=&#8221;off&#8221; fullwidth_field=&#8221;on&#8221; sticky_enabled=&#8221;0&#8243;][\/et_pb_contact_field][et_pb_contact_field field_id=&#8221;Email&#8221; field_title=&#8221;Adres mejlowy&#8221; field_type=&#8221;email&#8221; _builder_version=&#8221;4.27.4&#8243; hover_enabled=&#8221;0&#8243; global_colors_info=&#8221;{}&#8221; button_text_size__hover_enabled=&#8221;off&#8221; button_one_text_size__hover_enabled=&#8221;off&#8221; button_two_text_size__hover_enabled=&#8221;off&#8221; button_text_color__hover_enabled=&#8221;off&#8221; button_one_text_color__hover_enabled=&#8221;off&#8221; button_two_text_color__hover_enabled=&#8221;off&#8221; button_border_width__hover_enabled=&#8221;off&#8221; button_one_border_width__hover_enabled=&#8221;off&#8221; button_two_border_width__hover_enabled=&#8221;off&#8221; button_border_color__hover_enabled=&#8221;off&#8221; button_one_border_color__hover_enabled=&#8221;off&#8221; button_two_border_color__hover_enabled=&#8221;off&#8221; button_border_radius__hover_enabled=&#8221;off&#8221; button_one_border_radius__hover_enabled=&#8221;off&#8221; button_two_border_radius__hover_enabled=&#8221;off&#8221; button_letter_spacing__hover_enabled=&#8221;off&#8221; button_one_letter_spacing__hover_enabled=&#8221;off&#8221; button_two_letter_spacing__hover_enabled=&#8221;off&#8221; button_bg_color__hover_enabled=&#8221;off&#8221; button_one_bg_color__hover_enabled=&#8221;off&#8221; button_two_bg_color__hover_enabled=&#8221;off&#8221; fullwidth_field=&#8221;on&#8221; sticky_enabled=&#8221;0&#8243;][\/et_pb_contact_field][et_pb_contact_field field_id=&#8221;Message&#8221; field_title=&#8221;Wiadomo\u015b\u0107&#8221; field_type=&#8221;text&#8221; _builder_version=&#8221;4.27.4&#8243; hover_enabled=&#8221;0&#8243; global_colors_info=&#8221;{}&#8221; button_text_size__hover_enabled=&#8221;off&#8221; button_one_text_size__hover_enabled=&#8221;off&#8221; button_two_text_size__hover_enabled=&#8221;off&#8221; button_text_color__hover_enabled=&#8221;off&#8221; button_one_text_color__hover_enabled=&#8221;off&#8221; button_two_text_color__hover_enabled=&#8221;off&#8221; button_border_width__hover_enabled=&#8221;off&#8221; button_one_border_width__hover_enabled=&#8221;off&#8221; button_two_border_width__hover_enabled=&#8221;off&#8221; button_border_color__hover_enabled=&#8221;off&#8221; button_one_border_color__hover_enabled=&#8221;off&#8221; button_two_border_color__hover_enabled=&#8221;off&#8221; button_border_radius__hover_enabled=&#8221;off&#8221; button_one_border_radius__hover_enabled=&#8221;off&#8221; button_two_border_radius__hover_enabled=&#8221;off&#8221; button_letter_spacing__hover_enabled=&#8221;off&#8221; button_one_letter_spacing__hover_enabled=&#8221;off&#8221; button_two_letter_spacing__hover_enabled=&#8221;off&#8221; button_bg_color__hover_enabled=&#8221;off&#8221; button_one_bg_color__hover_enabled=&#8221;off&#8221; button_two_bg_color__hover_enabled=&#8221;off&#8221; fullwidth_field=&#8221;on&#8221; sticky_enabled=&#8221;0&#8243;][\/et_pb_contact_field][\/et_pb_contact_form][\/et_pb_column][et_pb_column type=&#8221;1_3&#8243; _builder_version=&#8221;4.16&#8243; custom_padding=&#8221;|||&#8221; global_colors_info=&#8221;{}&#8221; custom_padding__hover=&#8221;|||&#8221;][et_pb_text admin_label=&#8221;Text&#8221; _builder_version=&#8221;4.27.4&#8243; background_size=&#8221;initial&#8221; background_position=&#8221;top_left&#8221; background_repeat=&#8221;repeat&#8221; hover_enabled=&#8221;0&#8243; use_border_color=&#8221;off&#8221; border_color=&#8221;#ffffff&#8221; border_style=&#8221;solid&#8221; global_colors_info=&#8221;{}&#8221; sticky_enabled=&#8221;0&#8243;]<\/p>\n<h3><span style=\"color: #000000;\">Adres<\/span><\/h3>\n<p><strong><span style=\"text-decoration: underline;\">Baza:<\/span><br \/>\u0141owiczki ul. Centralna 41,<\/strong><br \/><strong>32-640 Zator<\/strong><\/p>\n<p><strong><span style=\"text-decoration: underline;\">Biuro:<br \/><\/span>Nowa 25,<\/strong><br \/><strong> 32-600 O\u015bwi\u0119cim<\/strong><\/p>\n<h3>Kontakt telefoniczny i mailowy<\/h3>\n<p><strong>W\u0142a\u015bciciel:<\/strong><br \/>Krzysztof Kubiczek <br \/>tel: +48 502 651 254<br \/>e-mail: <a href=\"mailto:anitrans@anitrans.pl\">anitrans@anitrans.pl<\/a><\/p>\n<p><strong>Menad\u017cer:<\/strong><br \/>Anna Mielczarek <br \/>tel: +48 696 806 944<br \/>e-mail: <a href=\"mailto:office@anitrans.pl\">office@anitrans.pl<\/a><\/p>\n<p><strong>Planning:<br \/><\/strong>Anna Kubiczek-Zinkow <br \/>tel +48 664 450 884<br \/>e-mail: <a href=\"mailto:annakubiczek@anitrans.pl\">annakubiczek@anitrans.pl<\/a><\/p>\n<p>Marek Homoncik<br \/>tel +48 693 409 006<br \/>e-mail: <a href=\"mailto:planning@anitrans.pl\">planning@anitrans.pl<\/a><\/p>\n<p>Marta Motyka <br \/>tel +48 600 530 544<br \/>e-mail: <a href=\"mailto:planner2@anitrans.pl\">planner2@anitrans.pl<\/a><\/p>\n<p>Agnieszka Pindel:<br \/>tel +48 698 477 117<br \/>e-mail: <a href=\"mailto:aga.pindel@anitrans.pl\">aga.pindel@anitrans.pl<\/a><\/p>\n<p><strong>Kadry:<\/strong><br \/>Renata Sroka<br \/>tel: +48 696 807 482<br \/>e-mail: <a href=\"mailto:accounting@anitrans.pl\">accounting@anitrans.pl<\/a><\/p>\n<p>Dagmara Kurek<br \/>tel: +48 666 331 352<br \/>e-mail: <a href=\"mailto:operations@anitrans.pl\">operations@anitrans.pl<\/a><\/p>\n<h3>Inne informacje<\/h3>\n<p><strong>NIP:\u00a0<\/strong>5491264170<\/p>\n<p><strong>REGON:\u00a0<\/strong>356827979<\/p>\n<p>&nbsp;<\/p>\n<p>[\/et_pb_text][\/et_pb_column][\/et_pb_row][\/et_pb_section][et_pb_section fb_built=&#8221;1&#8243; admin_label=&#8221;Sekcja&#8221; _builder_version=&#8221;4.16&#8243; global_colors_info=&#8221;{}&#8221;][et_pb_row admin_label=&#8221;Wiersz&#8221; _builder_version=&#8221;4.16&#8243; background_size=&#8221;initial&#8221; background_position=&#8221;top_left&#8221; background_repeat=&#8221;repeat&#8221; global_colors_info=&#8221;{}&#8221;][et_pb_column type=&#8221;4_4&#8243; _builder_version=&#8221;4.16&#8243; custom_padding=&#8221;|||&#8221; global_colors_info=&#8221;{}&#8221; custom_padding__hover=&#8221;|||&#8221;][et_pb_text admin_label=&#8221;Tekst&#8221; _builder_version=&#8221;4.16&#8243; background_size=&#8221;initial&#8221; background_position=&#8221;top_left&#8221; background_repeat=&#8221;repeat&#8221; text_orientation=&#8221;right&#8221; use_border_color=&#8221;off&#8221; border_color=&#8221;#ffffff&#8221; border_style=&#8221;solid&#8221; global_colors_info=&#8221;{}&#8221;]Realizacja <strong><a href=\"https:\/\/smartfrigo.com\/pl\/\">Smartfrigo<\/a><\/strong><br \/>\n[\/et_pb_text][\/et_pb_column][\/et_pb_row][\/et_pb_section]<\/p>\n","protected":false},"excerpt":{"rendered":"<p>Adres Baza:\u0141owiczki ul. Centralna 41,32-640 Zator Biuro:Nowa 25, 32-600 O\u015bwi\u0119cim Kontakt telefoniczny i mailowy W\u0142a\u015bciciel:Krzysztof Kubiczek tel: +48 502 651 254e-mail: anitrans@anitrans.pl Menad\u017cer:Anna Mielczarek tel: +48 696 806 944e-mail: office@anitrans.pl Planning:Anna Kubiczek-Zinkow tel +48 664 450 884e-mail: annakubiczek@anitrans.pl Marek Homonciktel +48 693 409 006e-mail: planning@anitrans.pl Marta Motyka tel +48 600 530 544e-mail: planner2@anitrans.pl Agnieszka Pindel:tel [&hellip;]<\/p>\n","protected":false},"author":1,"featured_media":0,"parent":0,"menu_order":0,"comment_status":"closed","ping_status":"closed","template":"","meta":{"_et_pb_use_builder":"on","_et_pb_old_content":"","_et_gb_content_width":"","footnotes":""},"class_list":["post-317","page","type-page","status-publish","hentry"],"_links":{"self":[{"href":"https:\/\/ani-trans.eu\/en\/wp-json\/wp\/v2\/pages\/317","targetHints":{"allow":["GET"]}}],"collection":[{"href":"https:\/\/ani-trans.eu\/en\/wp-json\/wp\/v2\/pages"}],"about":[{"href":"https:\/\/ani-trans.eu\/en\/wp-json\/wp\/v2\/types\/page"}],"author":[{"embeddable":true,"href":"https:\/\/ani-trans.eu\/en\/wp-json\/wp\/v2\/users\/1"}],"replies":[{"embeddable":true,"href":"https:\/\/ani-trans.eu\/en\/wp-json\/wp\/v2\/comments?post=317"}],"version-history":[{"count":15,"href":"https:\/\/ani-trans.eu\/en\/wp-json\/wp\/v2\/pages\/317\/revisions"}],"predecessor-version":[{"id":531,"href":"https:\/\/ani-trans.eu\/en\/wp-json\/wp\/v2\/pages\/317\/revisions\/531"}],"wp:attachment":[{"href":"https:\/\/ani-trans.eu\/en\/wp-json\/wp\/v2\/media?parent=317"}],"curies":[{"name":"wp","href":"https:\/\/api.w.org\/{rel}","templated":true}]}}